{"id":1557,"date":"2023-07-14T12:07:55","date_gmt":"2023-07-14T12:07:55","guid":{"rendered":"https:\/\/muzej.doc.ba\/kako-istrazivati-u-historijskom-muzeju-bosne-i-hercegovine-2\/"},"modified":"2023-10-30T09:36:54","modified_gmt":"2023-10-30T09:36:54","slug":"kako-istrazivati-u-historijskom-muzeju-bosne-i-hercegovine-2","status":"publish","type":"page","link":"https:\/\/muzej.ba\/en\/kako-istrazivati-u-historijskom-muzeju-bosne-i-hercegovine-2\/","title":{"rendered":"How to conduct research at the Historical Museum of Bosnia and Herzegovina?"},"content":{"rendered":"<div class=\"wpb-content-wrapper\"><p>[vc_row woodmart_css_id=&#8221;6454ee4c612a6&#8243; responsive_spacing=&#8221;eyJwYXJhbV90eXBlIjoid29vZG1hcnRfcmVzcG9uc2l2ZV9zcGFjaW5nIiwic2VsZWN0b3JfaWQiOiI2NDU0ZWU0YzYxMmE2Iiwic2hvcnRjb2RlIjoidmNfcm93IiwiZGF0YSI6eyJ0YWJsZXQiOnt9LCJtb2JpbGUiOnt9fX0=&#8221; mobile_bg_img_hidden=&#8221;no&#8221; tablet_bg_img_hidden=&#8221;no&#8221; woodmart_parallax=&#8221;0&#8243; woodmart_gradient_switch=&#8221;no&#8221; woodmart_box_shadow=&#8221;no&#8221; wd_z_index=&#8221;no&#8221; woodmart_disable_overflow=&#8221;0&#8243; row_reverse_mobile=&#8221;0&#8243; row_reverse_tablet=&#8221;0&#8243; el_id=&#8221;static_page_header_section_no_image&#8221;][vc_column el_class=&#8221;static_page_header_title_wrapper&#8221; woodmart_css_id=&#8221;645285afa32c2&#8243; parallax_scroll=&#8221;no&#8221; woodmart_sticky_column=&#8221;false&#8221; wd_collapsible_content_switcher=&#8221;no&#8221; wd_column_role_offcanvas_desktop=&#8221;no&#8221; wd_column_role_offcanvas_tablet=&#8221;no&#8221; wd_column_role_offcanvas_mobile=&#8221;no&#8221; wd_column_role_content_desktop=&#8221;no&#8221; wd_column_role_content_tablet=&#8221;no&#8221; wd_column_role_content_mobile=&#8221;no&#8221; mobile_bg_img_hidden=&#8221;no&#8221; tablet_bg_img_hidden=&#8221;no&#8221; woodmart_parallax=&#8221;0&#8243; woodmart_box_shadow=&#8221;no&#8221; responsive_spacing=&#8221;eyJwYXJhbV90eXBlIjoid29vZG1hcnRfcmVzcG9uc2l2ZV9zcGFjaW5nIiwic2VsZWN0b3JfaWQiOiI2NDUyODVhZmEzMmMyIiwic2hvcnRjb2RlIjoidmNfY29sdW1uIiwiZGF0YSI6eyJ0YWJsZXQiOnt9LCJtb2JpbGUiOnt9fX0=&#8221; mobile_reset_margin=&#8221;no&#8221; tablet_reset_margin=&#8221;no&#8221; wd_z_index=&#8221;no&#8221; css=&#8221;.vc_custom_1683129780008{padding-top: 0px !important;}&#8221;]\n\t\t<div id=\"wd-653f792e1e0df\" class=\"title-wrapper wd-wpb wd-set-mb reset-last-child  wd-rs-653f792e1e0df wd-title-color-default wd-title-style-default text-left vc_custom_1698658613708 wd-underline-colored\">\n\t\t\t\n\t\t\t<div class=\"liner-continer\">\n\t\t\t\t<h1 class=\"woodmart-title-container title  wd-font-weight- wd-fontsize-l\" >How to conduct research at the Historical Museum of Bosnia and Herzegovina?<\/h1>\n\t\t\t\t\t\t\t<\/div>\n\t\t\t\n\t\t\t\t\t\t\t<div class=\"title-after_title reset-last-child  wd-fontsize-xs\">Muzejski materijal klasificiran je u osam muzejskih zbirki i dostupan je istra\u017eiva\u010dima. Muzej je otvoren za istra\u017eiva\u010de svakim radnim danom. Prije po\u010detka istra\u017eivanja potrebno je kontaktirati voditelja kolekcije i ispuniti pristupni obrazac.<\/div>\n\t\t\t\n\t\t\t\n\t\t<\/div>\n\t\t\n\t\t[\/vc_column][\/vc_row][vc_section el_id=&#8221;static_page_section&#8221; woodmart_css_id=&#8221;64528b436e695&#8243; responsive_spacing=&#8221;eyJwYXJhbV90eXBlIjoid29vZG1hcnRfcmVzcG9uc2l2ZV9zcGFjaW5nIiwic2VsZWN0b3JfaWQiOiI2NDUyOGI0MzZlNjk1Iiwic2hvcnRjb2RlIjoidmNfc2VjdGlvbiIsImRhdGEiOnsidGFibGV0Ijp7fSwibW9iaWxlIjp7fX19&#8243; mobile_bg_img_hidden=&#8221;no&#8221; tablet_bg_img_hidden=&#8221;no&#8221; woodmart_parallax=&#8221;0&#8243; woodmart_gradient_switch=&#8221;no&#8221; woodmart_box_shadow=&#8221;no&#8221; wd_z_index=&#8221;no&#8221; woodmart_disable_overflow=&#8221;0&#8243;][vc_row woodmart_css_id=&#8221;6458d367840d8&#8243; responsive_spacing=&#8221;eyJwYXJhbV90eXBlIjoid29vZG1hcnRfcmVzcG9uc2l2ZV9zcGFjaW5nIiwic2VsZWN0b3JfaWQiOiI2NDU4ZDM2Nzg0MGQ4Iiwic2hvcnRjb2RlIjoidmNfcm93IiwiZGF0YSI6eyJ0YWJsZXQiOnt9LCJtb2JpbGUiOnt9fX0=&#8221; mobile_bg_img_hidden=&#8221;no&#8221; tablet_bg_img_hidden=&#8221;no&#8221; woodmart_parallax=&#8221;0&#8243; woodmart_gradient_switch=&#8221;no&#8221; woodmart_box_shadow=&#8221;no&#8221; wd_z_index=&#8221;no&#8221; woodmart_disable_overflow=&#8221;0&#8243; row_reverse_mobile=&#8221;0&#8243; row_reverse_tablet=&#8221;0&#8243; el_id=&#8221;static_page_section_content_row&#8221;][vc_column]\n<div class=\"wpcf7 no-js\" id=\"wpcf7-f2036-o1\" lang=\"en-US\" dir=\"ltr\" data-wpcf7-id=\"2036\">\n<div class=\"screen-reader-response\"><p role=\"status\" aria-live=\"polite\" aria-atomic=\"true\"><\/p> <ul><\/ul><\/div>\n<form action=\"\/en\/wp-json\/wp\/v2\/pages\/1557#wpcf7-f2036-o1\" method=\"post\" class=\"wpcf7-form init\" aria-label=\"Contact form\" novalidate=\"novalidate\" data-status=\"init\">\n<fieldset class=\"hidden-fields-container\"><input type=\"hidden\" name=\"_wpcf7\" value=\"2036\" \/><input type=\"hidden\" name=\"_wpcf7_version\" value=\"6.1.4\" \/><input type=\"hidden\" name=\"_wpcf7_locale\" value=\"en_US\" \/><input type=\"hidden\" name=\"_wpcf7_unit_tag\" value=\"wpcf7-f2036-o1\" \/><input type=\"hidden\" name=\"_wpcf7_container_post\" value=\"0\" \/><input type=\"hidden\" name=\"_wpcf7_posted_data_hash\" value=\"\" \/>\n<\/fieldset>\n<div class=\"row\">\n\t<div class=\"col-6\">\n\t\t<h3>RESEARCHER INFORMATION\n\t\t<\/h3>\n\t\t<p><label> Name and surname<br \/>\n<span class=\"wpcf7-form-control-wrap\" data-name=\"text-43\"><input size=\"40\" maxlength=\"400\" class=\"wpcf7-form-control wpcf7-text\" aria-invalid=\"false\" value=\"\" type=\"text\" name=\"text-43\" \/><\/span> <\/label>\n\t\t<\/p>\n\t\t<p><label> Email address<br \/>\n<span class=\"wpcf7-form-control-wrap\" data-name=\"email-729\"><input size=\"40\" maxlength=\"400\" class=\"wpcf7-form-control wpcf7-email wpcf7-validates-as-required wpcf7-text wpcf7-validates-as-email\" aria-required=\"true\" aria-invalid=\"false\" value=\"\" type=\"email\" name=\"email-729\" \/><\/span> <\/label>\n\t\t<\/p>\n\t\t<p><label> Mobile phone number<br \/>\n<span class=\"wpcf7-form-control-wrap\" data-name=\"tel-718\"><input size=\"40\" maxlength=\"400\" class=\"wpcf7-form-control wpcf7-tel wpcf7-text wpcf7-validates-as-tel\" aria-invalid=\"false\" placeholder=\"+387 00 000 000\" value=\"\" type=\"tel\" name=\"tel-718\" \/><\/span> <\/label>\n\t\t<\/p>\n\t\t<p><label> The institution you are researching for<br \/>\n<span class=\"wpcf7-form-control-wrap\" data-name=\"text44\"><input size=\"40\" maxlength=\"400\" class=\"wpcf7-form-control wpcf7-text\" aria-invalid=\"false\" value=\"\" type=\"text\" name=\"text44\" \/><\/span> <\/label>\n\t\t<\/p>\n\t\t<p><label> Research topic:<br \/>\n<span class=\"wpcf7-form-control-wrap\" data-name=\"textarea-845\"><textarea cols=\"40\" rows=\"10\" maxlength=\"2000\" class=\"wpcf7-form-control wpcf7-textarea\" aria-invalid=\"false\" name=\"textarea-845\"><\/textarea><\/span><\/label>\n\t\t<\/p>\n\t\t<p><label>What type of material do you need? <\/label><br \/>\n<span class=\"wpcf7-form-control-wrap\" data-name=\"temaposjete\"><span class=\"wpcf7-form-control wpcf7-checkbox wpcf7-validates-as-required\"><span class=\"wpcf7-list-item first\"><label><input type=\"checkbox\" name=\"temaposjete[]\" value=\"Documents\" \/><span class=\"wpcf7-list-item-label\">Documents<\/span><\/label><\/span><span class=\"wpcf7-list-item\"><label><input type=\"checkbox\" name=\"temaposjete[]\" value=\"Three-dimensional exhibits\" \/><span class=\"wpcf7-list-item-label\">Three-dimensional exhibits<\/span><\/label><\/span><span class=\"wpcf7-list-item\"><label><input type=\"checkbox\" name=\"temaposjete[]\" value=\"Books\" \/><span class=\"wpcf7-list-item-label\">Books<\/span><\/label><\/span><span class=\"wpcf7-list-item\"><label><input type=\"checkbox\" name=\"temaposjete[]\" value=\"Photographs\" \/><span class=\"wpcf7-list-item-label\">Photographs<\/span><\/label><\/span><span class=\"wpcf7-list-item last\"><label><input type=\"checkbox\" name=\"temaposjete[]\" value=\"Works of art\" \/><span class=\"wpcf7-list-item-label\">Works of art<\/span><\/label><\/span><\/span><\/span>\n\t\t<\/p>\n\t\t<p><label>Comment:<br \/>\n<span class=\"wpcf7-form-control-wrap\" data-name=\"komentar\"><textarea cols=\"40\" rows=\"10\" maxlength=\"2000\" class=\"wpcf7-form-control wpcf7-textarea\" aria-invalid=\"false\" name=\"komentar\"><\/textarea><\/span><\/label>\n\t\t<\/p>\n\t\t<p><label> What time frame does your research cover?<br \/>\n<span class=\"wpcf7-form-control-wrap\" data-name=\"vremenski_okvir\"><input size=\"40\" maxlength=\"400\" class=\"wpcf7-form-control wpcf7-text\" aria-invalid=\"false\" value=\"\" type=\"text\" name=\"vremenski_okvir\" \/><\/span> <\/label>\n\t\t<\/p>\n\t\t<p><label> Do you need consultations with museum curators?<br \/>\n<span class=\"wpcf7-form-control-wrap\" data-name=\"konsultacije\"><input size=\"40\" maxlength=\"400\" class=\"wpcf7-form-control wpcf7-text\" aria-invalid=\"false\" value=\"\" type=\"text\" name=\"konsultacije\" \/><\/span> <\/label>\n\t\t<\/p>\n\t\t<p><label> Do you plan to use the digitized materials of the History Museum of BiH?<br \/>\n<span class=\"wpcf7-form-control-wrap\" data-name=\"digitalizirana_gradja\"><input size=\"40\" maxlength=\"400\" class=\"wpcf7-form-control wpcf7-text\" aria-invalid=\"false\" value=\"\" type=\"text\" name=\"digitalizirana_gradja\" \/><\/span> <\/label>\n\t\t<\/p>\n\t\t<p><label> Enter the date and time you plan to explore the museum's materials:<br \/>\n<span class=\"wpcf7-form-control-wrap\" data-name=\"datum_koristenja\"><input size=\"40\" maxlength=\"400\" class=\"wpcf7-form-control wpcf7-text\" aria-invalid=\"false\" value=\"\" type=\"text\" name=\"datum_koristenja\" \/><\/span> <\/label>\n\t\t<\/p>\n\t<\/div>\n<\/div>\n<div class=\"row\">\n\t<div class=\"col-12\">\n\t\t<p><input class=\"wpcf7-form-control wpcf7-submit has-spinner\" type=\"submit\" value=\"Submit\" \/>\n\t\t<\/p>\n\t<\/div>\n<\/div><div class=\"wpcf7-response-output\" aria-hidden=\"true\"><\/div>\n<\/form>\n<\/div>\n[\/vc_column][\/vc_row][\/vc_section]<\/p>\n<\/div>","protected":false},"excerpt":{"rendered":"<p>[vc_row woodmart_css_id=&#8221;6454ee4c612a6&#8243; responsive_spacing=&#8221;eyJwYXJhbV90eXBlIjoid29vZG1hcnRfcmVzcG9uc2l2ZV9zcGFjaW5nIiwic2VsZWN0b3JfaWQiOiI2NDU0ZWU0YzYxMmE2Iiwic2hvcnRjb2RlIjoidmNfcm93IiwiZGF0YSI6eyJ0YWJsZXQiOnt9LCJtb2JpbGUiOnt9fX0=&#8221; mobile_bg_img_hidden=&#8221;no&#8221; tablet_bg_img_hidden=&#8221;no&#8221; woodmart_parallax=&#8221;0&#8243; woodmart_gradient_switch=&#8221;no&#8221; woodmart_box_shadow=&#8221;no&#8221; wd_z_index=&#8221;no&#8221; woodmart_disable_overflow=&#8221;0&#8243; row_reverse_mobile=&#8221;0&#8243; row_reverse_tablet=&#8221;0&#8243; el_id=&#8221;static_page_header_section_no_image&#8221;][vc_column el_class=&#8221;static_page_header_title_wrapper&#8221; woodmart_css_id=&#8221;645285afa32c2&#8243; parallax_scroll=&#8221;no&#8221; woodmart_sticky_column=&#8221;false&#8221; wd_collapsible_content_switcher=&#8221;no&#8221; wd_column_role_offcanvas_desktop=&#8221;no&#8221; wd_column_role_offcanvas_tablet=&#8221;no&#8221;<\/p>\n","protected":false},"author":4,"featured_media":0,"parent":0,"menu_order":0,"comment_status":"closed","ping_status":"closed","template":"","meta":{"footnotes":""},"class_list":["post-1557","page","type-page","status-publish","hentry"],"_links":{"self":[{"href":"https:\/\/muzej.ba\/en\/wp-json\/wp\/v2\/pages\/1557","targetHints":{"allow":["GET"]}}],"collection":[{"href":"https:\/\/muzej.ba\/en\/wp-json\/wp\/v2\/pages"}],"about":[{"href":"https:\/\/muzej.ba\/en\/wp-json\/wp\/v2\/types\/page"}],"author":[{"embeddable":true,"href":"https:\/\/muzej.ba\/en\/wp-json\/wp\/v2\/users\/4"}],"replies":[{"embeddable":true,"href":"https:\/\/muzej.ba\/en\/wp-json\/wp\/v2\/comments?post=1557"}],"version-history":[{"count":1,"href":"https:\/\/muzej.ba\/en\/wp-json\/wp\/v2\/pages\/1557\/revisions"}],"predecessor-version":[{"id":1558,"href":"https:\/\/muzej.ba\/en\/wp-json\/wp\/v2\/pages\/1557\/revisions\/1558"}],"wp:attachment":[{"href":"https:\/\/muzej.ba\/en\/wp-json\/wp\/v2\/media?parent=1557"}],"curies":[{"name":"wp","href":"https:\/\/api.w.org\/{rel}","templated":true}]}}